{"id":1199,"date":"2023-05-02T07:08:31","date_gmt":"2023-05-02T07:08:31","guid":{"rendered":"https:\/\/can-miquelet.com\/danke\/"},"modified":"2026-04-06T11:13:05","modified_gmt":"2026-04-06T11:13:05","slug":"danke","status":"publish","type":"page","link":"https:\/\/can-miquelet.com\/de\/danke\/","title":{"rendered":"Danke"},"content":{"rendered":"<div class=\"fusion-fullwidth fullwidth-box fusion-builder-row-1 fusion-flex-container has-pattern-background has-mask-background fusion-parallax-none nonhundred-percent-fullwidth non-hundred-percent-height-scrolling lazyload\" style=\"--awb-background-repeat:repeat;--awb-background-blend-mode:soft-light;--awb-border-radius-top-left:0px;--awb-border-radius-top-right:0px;--awb-border-radius-bottom-right:0px;--awb-border-radius-bottom-left:0px;--awb-padding-top:150px;--awb-padding-bottom:150px;--awb-min-height:400px;--awb-flex-wrap:wrap;\" data-bg=\"https:\/\/can-miquelet.com\/wp-content\/uploads\/2023\/03\/footer-hidraulico.png\" ><div class=\"fusion-builder-row fusion-row fusion-flex-align-items-flex-start fusion-flex-content-wrap\" style=\"max-width:1497.6px;margin-left: calc(-4% \/ 2 );margin-right: calc(-4% \/ 2 );\"><div class=\"fusion-layout-column fusion_builder_column fusion-builder-column-0 fusion_builder_column_1_1 1_1 fusion-flex-column\" style=\"--awb-bg-size:cover;--awb-width-large:100%;--awb-margin-top-large:0px;--awb-spacing-right-large:1.92%;--awb-margin-bottom-large:20px;--awb-spacing-left-large:1.92%;--awb-width-medium:100%;--awb-order-medium:0;--awb-spacing-right-medium:1.92%;--awb-spacing-left-medium:1.92%;--awb-width-small:100%;--awb-order-small:0;--awb-spacing-right-small:1.92%;--awb-spacing-left-small:1.92%;\"><div class=\"fusion-column-wrapper fusion-column-has-shadow fusion-flex-justify-content-flex-start fusion-content-layout-column\"><div class=\"fusion-title title fusion-title-1 fusion-sep-none fusion-title-center fusion-title-text fusion-title-size-two fusion-animated\" style=\"--awb-text-color:var(--awb-color4);--awb-margin-bottom:30px;--awb-margin-top-small:10px;--awb-margin-right-small:0px;--awb-margin-bottom-small:10px;--awb-margin-left-small:0px;--awb-font-size:70px;\" data-animationType=\"fadeInUp\" data-animationDuration=\"1.0\" data-animationOffset=\"top-into-view\"><h2 class=\"fusion-title-heading title-heading-center sm-text-align-left fusion-responsive-typography-calculated\" style=\"font-family:&quot;Cormorant Garamond&quot;;font-style:normal;font-weight:500;margin:0;font-size:1em;--fontSize:70;line-height:var(--awb-typography1-line-height);\">Danke f\u00fcr Ihre Kontaktaufnahme<\/h2><\/div><div class=\"fusion-text fusion-text-1 sm-text-align-left fusion-animated\" style=\"--awb-content-alignment:center;--awb-font-size:22px;--awb-text-font-family:&quot;Cormorant Garamond&quot;;--awb-text-font-style:normal;--awb-text-font-weight:300;\" data-animationType=\"fadeInUp\" data-animationDuration=\"1.0\" data-animationDelay=\"0.3\" data-animationOffset=\"top-into-view\"><p>Wir werden Sie in K\u00fcrze kontaktieren.<\/p>\n<\/div><div style=\"text-align:center;\"><a class=\"fusion-button button-flat fusion-button-default-size button-custom fusion-button-default button-1 fusion-button-default-span fusion-button-default-type fusion-has-button-gradient\" style=\"--button_accent_color:var(--awb-color8);--button_border_color:var(--awb-color8);--button_accent_hover_color:var(--awb-color8);--button_border_hover_color:var(--awb-color8);--button_border_width-top:1px;--button_border_width-right:1px;--button_border_width-bottom:1px;--button_border_width-left:1px;--button-border-radius-top-left:0px;--button-border-radius-top-right:0px;--button-border-radius-bottom-right:0px;--button-border-radius-bottom-left:0px;--button_gradient_top_color:rgba(137,137,137,0);--button_gradient_bottom_color:rgba(214,214,214,0);--button_gradient_top_color_hover:rgba(168,168,168,0);--button_gradient_bottom_color_hover:rgba(204,204,204,0);\" target=\"_self\" href=\"https:\/\/can-miquelet.com\/de\/\"><span class=\"fusion-button-text awb-button__text awb-button__text--default\">ZUR\u00dcCK ZU<\/span><\/a><\/div><\/div><\/div><\/div><\/div>\n","protected":false},"excerpt":{"rendered":"","protected":false},"author":4,"featured_media":0,"parent":0,"menu_order":0,"comment_status":"closed","ping_status":"closed","template":"100-width.php","meta":{"_joinchat":[],"footnotes":""},"class_list":["post-1199","page","type-page","status-publish","hentry"],"yoast_head":"<!-- This site is optimized with the Yoast SEO plugin v27.4 - https:\/\/yoast.com\/product\/yoast-seo-wordpress\/ -->\n<title>Danke - Ca&#039;n Miquelet - Villen auf Mallorca<\/title>\n<meta name=\"description\" content=\"Vielen Dank f\u00fcr Ihre Anfrage. Vielen Dank f\u00fcr Ihre Anfrage. Bei Can Miquelet finden Sie luxuri\u00f6se Villen auf Mallorca f\u00fcr einen unvergesslichen Urlaub.\" \/>\n<meta name=\"robots\" content=\"noindex, nofollow\" \/>\n<meta property=\"og:locale\" content=\"de_DE\" \/>\n<meta property=\"og:type\" content=\"article\" \/>\n<meta property=\"og:title\" content=\"Danke - Ca&#039;n Miquelet - Villen auf Mallorca\" \/>\n<meta property=\"og:description\" content=\"Vielen Dank f\u00fcr Ihre Anfrage. Vielen Dank f\u00fcr Ihre Anfrage. Bei Can Miquelet finden Sie luxuri\u00f6se Villen auf Mallorca f\u00fcr einen unvergesslichen Urlaub.\" \/>\n<meta property=\"og:url\" content=\"https:\/\/can-miquelet.com\/de\/danke\/\" \/>\n<meta property=\"og:site_name\" content=\"Ca&#039;n Miquelet\" \/>\n<meta property=\"article:modified_time\" content=\"2026-04-06T11:13:05+00:00\" \/>\n<meta name=\"twitter:card\" content=\"summary_large_image\" \/>\n<meta name=\"twitter:label1\" content=\"Gesch\u00e4tzte Lesezeit\" \/>\n\t<meta name=\"twitter:data1\" content=\"1\u00a0Minute\" \/>\n<script type=\"application\/ld+json\" class=\"yoast-schema-graph\">{\"@context\":\"https:\\\/\\\/schema.org\",\"@graph\":[{\"@type\":\"WebPage\",\"@id\":\"https:\\\/\\\/can-miquelet.com\\\/de\\\/danke\\\/\",\"url\":\"https:\\\/\\\/can-miquelet.com\\\/de\\\/danke\\\/\",\"name\":\"Danke - Ca&#039;n Miquelet - Villen auf Mallorca\",\"isPartOf\":{\"@id\":\"https:\\\/\\\/can-miquelet.com\\\/de\\\/#website\"},\"datePublished\":\"2023-05-02T07:08:31+00:00\",\"dateModified\":\"2026-04-06T11:13:05+00:00\",\"description\":\"Vielen Dank f\u00fcr Ihre Anfrage. Vielen Dank f\u00fcr Ihre Anfrage. Bei Can Miquelet finden Sie luxuri\u00f6se Villen auf Mallorca f\u00fcr einen unvergesslichen Urlaub.\",\"breadcrumb\":{\"@id\":\"https:\\\/\\\/can-miquelet.com\\\/de\\\/danke\\\/#breadcrumb\"},\"inLanguage\":\"de\",\"potentialAction\":[{\"@type\":\"ReadAction\",\"target\":[\"https:\\\/\\\/can-miquelet.com\\\/de\\\/danke\\\/\"]}]},{\"@type\":\"BreadcrumbList\",\"@id\":\"https:\\\/\\\/can-miquelet.com\\\/de\\\/danke\\\/#breadcrumb\",\"itemListElement\":[{\"@type\":\"ListItem\",\"position\":1,\"name\":\"Portada\",\"item\":\"https:\\\/\\\/can-miquelet.com\\\/de\\\/\"},{\"@type\":\"ListItem\",\"position\":2,\"name\":\"Danke\"}]},{\"@type\":\"WebSite\",\"@id\":\"https:\\\/\\\/can-miquelet.com\\\/de\\\/#website\",\"url\":\"https:\\\/\\\/can-miquelet.com\\\/de\\\/\",\"name\":\"Ca&#039;n Miquelet\",\"description\":\"\",\"potentialAction\":[{\"@type\":\"SearchAction\",\"target\":{\"@type\":\"EntryPoint\",\"urlTemplate\":\"https:\\\/\\\/can-miquelet.com\\\/de\\\/?s={search_term_string}\"},\"query-input\":{\"@type\":\"PropertyValueSpecification\",\"valueRequired\":true,\"valueName\":\"search_term_string\"}}],\"inLanguage\":\"de\"}]}<\/script>\n<!-- \/ Yoast SEO plugin. -->","yoast_head_json":{"title":"Danke - Ca&#039;n Miquelet - Villen auf Mallorca","description":"Vielen Dank f\u00fcr Ihre Anfrage. Vielen Dank f\u00fcr Ihre Anfrage. Bei Can Miquelet finden Sie luxuri\u00f6se Villen auf Mallorca f\u00fcr einen unvergesslichen Urlaub.","robots":{"index":"noindex","follow":"nofollow"},"og_locale":"de_DE","og_type":"article","og_title":"Danke - Ca&#039;n Miquelet - Villen auf Mallorca","og_description":"Vielen Dank f\u00fcr Ihre Anfrage. Vielen Dank f\u00fcr Ihre Anfrage. Bei Can Miquelet finden Sie luxuri\u00f6se Villen auf Mallorca f\u00fcr einen unvergesslichen Urlaub.","og_url":"https:\/\/can-miquelet.com\/de\/danke\/","og_site_name":"Ca&#039;n Miquelet","article_modified_time":"2026-04-06T11:13:05+00:00","twitter_card":"summary_large_image","twitter_misc":{"Gesch\u00e4tzte Lesezeit":"1\u00a0Minute"},"schema":{"@context":"https:\/\/schema.org","@graph":[{"@type":"WebPage","@id":"https:\/\/can-miquelet.com\/de\/danke\/","url":"https:\/\/can-miquelet.com\/de\/danke\/","name":"Danke - Ca&#039;n Miquelet - Villen auf Mallorca","isPartOf":{"@id":"https:\/\/can-miquelet.com\/de\/#website"},"datePublished":"2023-05-02T07:08:31+00:00","dateModified":"2026-04-06T11:13:05+00:00","description":"Vielen Dank f\u00fcr Ihre Anfrage. Vielen Dank f\u00fcr Ihre Anfrage. Bei Can Miquelet finden Sie luxuri\u00f6se Villen auf Mallorca f\u00fcr einen unvergesslichen Urlaub.","breadcrumb":{"@id":"https:\/\/can-miquelet.com\/de\/danke\/#breadcrumb"},"inLanguage":"de","potentialAction":[{"@type":"ReadAction","target":["https:\/\/can-miquelet.com\/de\/danke\/"]}]},{"@type":"BreadcrumbList","@id":"https:\/\/can-miquelet.com\/de\/danke\/#breadcrumb","itemListElement":[{"@type":"ListItem","position":1,"name":"Portada","item":"https:\/\/can-miquelet.com\/de\/"},{"@type":"ListItem","position":2,"name":"Danke"}]},{"@type":"WebSite","@id":"https:\/\/can-miquelet.com\/de\/#website","url":"https:\/\/can-miquelet.com\/de\/","name":"Ca&#039;n Miquelet","description":"","potentialAction":[{"@type":"SearchAction","target":{"@type":"EntryPoint","urlTemplate":"https:\/\/can-miquelet.com\/de\/?s={search_term_string}"},"query-input":{"@type":"PropertyValueSpecification","valueRequired":true,"valueName":"search_term_string"}}],"inLanguage":"de"}]}},"_links":{"self":[{"href":"https:\/\/can-miquelet.com\/de\/wp-json\/wp\/v2\/pages\/1199","targetHints":{"allow":["GET"]}}],"collection":[{"href":"https:\/\/can-miquelet.com\/de\/wp-json\/wp\/v2\/pages"}],"about":[{"href":"https:\/\/can-miquelet.com\/de\/wp-json\/wp\/v2\/types\/page"}],"author":[{"embeddable":true,"href":"https:\/\/can-miquelet.com\/de\/wp-json\/wp\/v2\/users\/4"}],"replies":[{"embeddable":true,"href":"https:\/\/can-miquelet.com\/de\/wp-json\/wp\/v2\/comments?post=1199"}],"version-history":[{"count":0,"href":"https:\/\/can-miquelet.com\/de\/wp-json\/wp\/v2\/pages\/1199\/revisions"}],"wp:attachment":[{"href":"https:\/\/can-miquelet.com\/de\/wp-json\/wp\/v2\/media?parent=1199"}],"curies":[{"name":"wp","href":"https:\/\/api.w.org\/{rel}","templated":true}]}}